{"id":794,"date":"2021-06-03T19:09:32","date_gmt":"2021-06-03T22:09:32","guid":{"rendered":"https:\/\/www.kief.com.br\/?page_id=794"},"modified":"2021-06-03T21:07:06","modified_gmt":"2021-06-04T00:07:06","slug":"politica-de-privacidade-2","status":"publish","type":"page","link":"https:\/\/kief.com.br\/?page_id=794","title":{"rendered":"Politica de Privacidade"},"content":{"rendered":"<p>Bem-vindo \u00e0 p\u00e1gina da Pol\u00edtica de Privacidade Esportiva da KIEF. Ao usar o site, confie em n\u00f3s com suas informa\u00e7\u00f5es. Esta Pol\u00edtica de Privacidade destina-se a ajud\u00e1-lo a entender quais dados coletamos, por que coletamos e o que fazemos com ele. Quando voc\u00ea compartilha informa\u00e7\u00f5es conosco, podemos tornar nossos servi\u00e7os ainda melhores para voc\u00ea. Por exemplo, podemos mostrar resultados de pesquisa mais relevantes, ajud\u00e1-lo a se conectar com as pessoas ou tornar o compartilhamento com outras pessoas mais r\u00e1pido e f\u00e1cil. Ao usar nossos servi\u00e7os, queremos que voc\u00ea seja claro como estamos usando informa\u00e7\u00f5es e as maneiras pelas quais voc\u00ea pode proteger sua privacidade. Isso \u00e9 importante, esperamos que voc\u00ea tenha tempo para l\u00ea-lo com cuidado. Tentamos mant\u00ea-lo o mais simples poss\u00edvel. Lembre-se, voc\u00ea pode encontrar controles para gerenciar suas informa\u00e7\u00f5es e proteger sua privacidade e seguran\u00e7a. Gerenciamento de dados pessoais Voc\u00ea pode visualizar ou editar seus dados pessoais on-line para muitos dos servi\u00e7os da KIEF Sports, mas para alguns voc\u00ea pode ter que enviar uma solicita\u00e7\u00e3o ao nosso E-mail DPO. Voc\u00ea tamb\u00e9m pode fazer escolhas sobre a coleta e uso de seus dados. Como voc\u00ea pode acessar ou controlar seus dados pessoais depender\u00e1 de quais servi\u00e7os voc\u00ea usa. Voc\u00ea pode escolher se deseja receber comunica\u00e7\u00f5es promocionais do nosso site por e-mail, SMS, correio e telefone. Se voc\u00ea receber mensagens promocionais de e-mail ou SMS de n\u00f3s e quiser optar por n\u00e3o participar, voc\u00ea pode faz\u00ea-lo seguindo as instru\u00e7\u00f5es dessa mensagem. Essas op\u00e7\u00f5es n\u00e3o se aplicam a comunica\u00e7\u00f5es de servi\u00e7os obrigat\u00f3rias que fazem parte de determinados servi\u00e7os, por exemplo, transa\u00e7\u00f5es de com\u00e9rcio eletr\u00f4nico etc. Informa\u00e7\u00f5es que coletamos O site KIEF Sports coleta dados para operar de forma eficaz e fornecer-lhe a melhor experi\u00eancia de nossos servi\u00e7os. Voc\u00ea fornece alguns desses dados diretamente, como quando voc\u00ea cria uma conta pessoal. N\u00f3s recebemos parte disso registrando como voc\u00ea interage com nossos servi\u00e7os, por exemplo, usando tecnologias como cookies e recebendo relat\u00f3rios de erro ou dados de uso de softwares em execu\u00e7\u00e3o em seu dispositivo. Tamb\u00e9m obtemos dados de terceiros (incluindo outras empresas). Por exemplo, complementamos os dados que coletamos coletando dados demogr\u00e1ficos de outras empresas, por exemplo, o Google Analytics. Tamb\u00e9m usamos servi\u00e7os de terceiros para nos ajudar a determinar um local com base em seu endere\u00e7o IP, a fim de personalizar certos servi\u00e7os para sua localiza\u00e7\u00e3o. Os dados que coletamos dependem dos servi\u00e7os e recursos que voc\u00ea usa. Como usamos suas informa\u00e7\u00f5es A KIEF Sports usa os dados que coletamos para tr\u00eas prop\u00f3sitos b\u00e1sicos: operar nossos neg\u00f3cios e fornecer (incluindo melhorar e personalizar) os servi\u00e7os que oferecemos, enviar comunica\u00e7\u00f5es, incluindo comunica\u00e7\u00f5es promocionais, e exibir publicidade. Ao realizar esses prop\u00f3sitos, combinamos dados que coletamos atrav\u00e9s dos v\u00e1rios servi\u00e7os de site que voc\u00ea usa para lhe dar uma experi\u00eancia mais perfeita, consistente e personalizada. No entanto, para melhorar a privacidade, constru\u00edmos salvaguardas tecnol\u00f3gicas e processuais projetadas para evitar certas combina\u00e7\u00f5es de dados. Por exemplo, armazenamos dados que coletamos de voc\u00ea quando voc\u00ea n\u00e3o est\u00e1 conectado (n\u00e3o conectado) separadamente de qualquer informa\u00e7\u00e3o de conta que o identifique diretamente, como seu nome, endere\u00e7o de e-mail ou n\u00famero de telefone. Compartilhando suas informa\u00e7\u00f5es A KIEF Sports compartilhar\u00e1 apenas seus dados pessoais com seu consentimento ou conforme necess\u00e1rio para concluir qualquer transa\u00e7\u00e3o ou fornecer qualquer servi\u00e7o que voc\u00ea tenha solicitado ou autorizado. Por exemplo, compartilhamos seu conte\u00fado com terceiros quando voc\u00ea nos diz para faz\u00ea-lo. Quando voc\u00ea fornece dados de pagamento para fazer uma compra, compartilharemos dados de pagamento com bancos e outras entidades que processam transa\u00e7\u00f5es de pagamento ou fornecem outros servi\u00e7os financeiros, e para preven\u00e7\u00e3o de fraudes e redu\u00e7\u00e3o do risco de cr\u00e9dito. Al\u00e9m disso, compartilhamos dados pessoais entre nossas afiliadas e subsidi\u00e1rias controladas. Tamb\u00e9m compartilhamos dados pessoais com fornecedores ou agentes que trabalham em nosso nome para os prop\u00f3sitos descritos nesta declara\u00e7\u00e3o. Por exemplo, empresas que contratamos para fornecer suporte ao atendimento ao cliente ou ajudar a proteger e proteger nossos sistemas e servi\u00e7os podem precisar de acesso a dados pessoais para fornecer essas fun\u00e7\u00f5es. Nesses casos, essas empresas devem respeitar nossos requisitos de privacidade e seguran\u00e7a de dados e n\u00e3o est\u00e3o autorizadas a usar dados pessoais que recebem de n\u00f3s para qualquer outro prop\u00f3sito. Tamb\u00e9m podemos divulgar dados pessoais como parte de uma transa\u00e7\u00e3o corporativa, como uma fus\u00e3o ou venda de ativos. A KIEF Sports leva sua privacidade a s\u00e9rio. Esta pol\u00edtica de privacidade descreve as informa\u00e7\u00f5es pessoais que coletamos e como as usamos. Consulte este livreto de pol\u00edtica de privacidade para obter mais informa\u00e7\u00f5es sobre pol\u00edticas de privacidade em geral. Coleta de Informa\u00e7\u00f5es de Rotina Todos os servidores da Web rastreiam informa\u00e7\u00f5es b\u00e1sicas sobre seus visitantes. Essas informa\u00e7\u00f5es incluem, mas n\u00e3o se limitam a, endere\u00e7os IP, informa\u00e7\u00f5es do navegador, configura\u00e7\u00f5es de tempo e p\u00e1ginas de se referi\u00e7\u00e3o. Nenhuma dessas informa\u00e7\u00f5es pessoais pode identificar visitantes espec\u00edficos para este site. As informa\u00e7\u00f5es s\u00e3o registradas para fins de administra\u00e7\u00e3o e manuten\u00e7\u00e3o de rotina. Cookies y Web Beacons Quando necess\u00e1rio, a KIEF Sports usa cookies para armazenar informa\u00e7\u00f5es sobre prefer\u00eancias e hist\u00f3rico de visitantes, a fim de melhor atender os visitantes e\/ou apresentar ao visitante conte\u00fado personalizado. Parceiros publicit\u00e1rios e terceiros podem usar cookies, scripts e\/ou web beacons para rastrear os visitantes em nosso site, a fim de exibir publicidade e outras informa\u00e7\u00f5es \u00fateis. Esse monitoramento \u00e9 realizado diretamente por terceiros atrav\u00e9s de seus pr\u00f3prios servidores e est\u00e1 sujeito a suas pr\u00f3prias pol\u00edticas de privacidade. Controlando sua privacidade Observe que voc\u00ea pode alterar as configura\u00e7\u00f5es do seu navegador para desativar cookies se estiver preocupado com sua privacidade. A desativa\u00e7\u00e3o de cookies para todos os sites n\u00e3o \u00e9 recomendada, pois pode interferir no funcionamento de alguns sites. A melhor op\u00e7\u00e3o \u00e9 ativar ou desativar cookies de site para local. Consulte a documenta\u00e7\u00e3o do seu navegador para obter instru\u00e7\u00f5es sobre como bloquear cookies e outros mecanismos de rastreamento. Esta lista de links de gerenciamento de privacidade do navegador da Web tamb\u00e9m pode ser \u00fatil. Nota Especial sobre Publicidade no Google Qualquer publicidade feita pelo Google, Inc., e empresas afiliadas podem ser controladas usando cookies. Esses cookies permitem que o Google exiba an\u00fancios com base em suas visitas a este e outros sites que usam os servi\u00e7os de publicidade do Google. Aprenda a n\u00e3o usar cookies do Google. Como mencionado acima, qualquer rastreamento realizado pelo Google atrav\u00e9s de cookies e outros mecanismos est\u00e1 sujeito \u00e0s pol\u00edticas de privacidade do Google. Informa\u00e7\u00f5es de contato Quaisquer preocupa\u00e7\u00f5es ou perguntas sobre esta pol\u00edtica de privacidade podem ser direcionadas para <a href=\"mailto:kief@kief.com.br\">kief@kief.com.br<\/a> e esclarecimentos. Esta pol\u00edtica de privacidade foi escolhida pela Pol\u00edtica de Privacidade da <a href=\"https:\/\/www.kief.com.br\">KIEF SPORTS<\/a><\/p>\n\n\n<p><\/p>\n","protected":false},"excerpt":{"rendered":"<p>Bem-vindo \u00e0 p\u00e1gina da Pol\u00edtica de Privacidade Esportiva da KIEF. Ao usar o site, confie em n\u00f3s com suas informa\u00e7\u00f5es. Esta Pol\u00edtica de Privacidade destina-se a ajud\u00e1-lo a entender quais dados coletamos, por que coletamos e o que fazemos com ele. Quando voc\u00ea compartilha informa\u00e7\u00f5es conosco, podemos tornar nossos servi\u00e7os ainda melhores para voc\u00ea. Por <a class=\"read-more\" href=\"https:\/\/kief.com.br\/?page_id=794\">Read More<\/a><\/p>\n","protected":false},"author":1,"featured_media":0,"parent":0,"menu_order":0,"comment_status":"closed","ping_status":"closed","template":"","meta":{"footnotes":""},"class_list":["post-794","page","type-page","status-publish","hentry"],"_links":{"self":[{"href":"https:\/\/kief.com.br\/index.php?rest_route=\/wp\/v2\/pages\/794","targetHints":{"allow":["GET"]}}],"collection":[{"href":"https:\/\/kief.com.br\/index.php?rest_route=\/wp\/v2\/pages"}],"about":[{"href":"https:\/\/kief.com.br\/index.php?rest_route=\/wp\/v2\/types\/page"}],"author":[{"embeddable":true,"href":"https:\/\/kief.com.br\/index.php?rest_route=\/wp\/v2\/users\/1"}],"replies":[{"embeddable":true,"href":"https:\/\/kief.com.br\/index.php?rest_route=%2Fwp%2Fv2%2Fcomments&post=794"}],"version-history":[{"count":19,"href":"https:\/\/kief.com.br\/index.php?rest_route=\/wp\/v2\/pages\/794\/revisions"}],"predecessor-version":[{"id":823,"href":"https:\/\/kief.com.br\/index.php?rest_route=\/wp\/v2\/pages\/794\/revisions\/823"}],"wp:attachment":[{"href":"https:\/\/kief.com.br\/index.php?rest_route=%2Fwp%2Fv2%2Fmedia&parent=794"}],"curies":[{"name":"wp","href":"https:\/\/api.w.org\/{rel}","templated":true}]}}